{"id":5397,"date":"2018-07-24T13:19:12","date_gmt":"2018-07-24T13:19:12","guid":{"rendered":"http:\/\/www.carven.it\/servizi\/"},"modified":"2021-05-04T09:06:27","modified_gmt":"2021-05-04T09:06:27","slug":"services","status":"publish","type":"page","link":"http:\/\/54.93.173.124\/en\/services\/","title":{"rendered":"Services"},"content":{"rendered":"<p>[vc_row][vc_column][vc_column_text][\/vc_column_text][\/vc_column][\/vc_row][vc_row equal_height=&#8221;yes&#8221; content_placement=&#8221;middle&#8221; disable_background_image=&#8221;&#8221; enable_borders=&#8221;left-right&#8221; eltd_border_color=&#8221;#ece8e5&#8243; left_right_offset=&#8221;110px&#8221; simple_background_image=&#8221;2725&#8243;][vc_column width=&#8221;2\/3&#8243; css=&#8221;.vc_custom_1611335998129{padding-right: 0px !important;padding-left: 0px !important;}&#8221; offset=&#8221;vc_col-lg-offset-0 vc_col-md-offset-0 vc_col-sm-offset-0 vc_col-xs-12&#8243;]<div class=\"eltdf-single-image-holder   \">\n    <div class=\"eltdf-si-inner\" >\n                                    <img width=\"1280\" height=\"1117\" src=\"http:\/\/54.93.173.124\/wp-content\/uploads\/2021\/01\/development.png\" class=\"attachment-full size-full\" alt=\"\" loading=\"lazy\" srcset=\"http:\/\/54.93.173.124\/wp-content\/uploads\/2021\/01\/development.png 1280w, http:\/\/54.93.173.124\/wp-content\/uploads\/2021\/01\/development-300x262.png 300w, http:\/\/54.93.173.124\/wp-content\/uploads\/2021\/01\/development-768x670.png 768w, http:\/\/54.93.173.124\/wp-content\/uploads\/2021\/01\/development-1024x894.png 1024w\" sizes=\"(max-width: 1280px) 100vw, 1280px\" \/>                        <\/div>\n<\/div>[\/vc_column][vc_column width=&#8221;1\/3&#8243; css=&#8221;.vc_custom_1611335901014{margin-right: 80px !important;margin-left: -250px !important;padding-right: 0px !important;padding-left: 0px !important;}&#8221; offset=&#8221;vc_col-lg-offset-0 vc_col-md-offset-0 vc_col-sm-offset-0 vc_col-xs-12 vc_hidden-xs&#8221;]<div class=\"eltdf-elements-holder   eltdf-one-column  eltdf-responsive-mode-768 \" ><div class=\"eltdf-eh-item     \" style=\"background-color: #ffffff\" data-item-class=\"eltdf-eh-custom-6069\" data-1367-1600=\"100px 70px 60px 60px\" data-1025-1366=\"100px 70px 60px 60px\" data-769-1024=\"100px 70px 60px 60px\" data-681-768=\"40px 50px 40px 270px\" data-680=\"150px 26px 0px 270px\">\n\t<div class=\"eltdf-eh-item-inner\">\n\t\t<div class=\"eltdf-eh-item-content eltdf-eh-custom-6069\" style=\"padding: 60px 70px 60px 60px\">\n\t\t\t<div class=\"eltdf-section-title-holder  eltdf-st-standard eltdf-st-title-left eltdf-st-normal-space \" >\n\t<div class=\"eltdf-st-inner\">\n\t\t\n        \n\t\t\t\t\t<h3 class=\"eltdf-st-title\" >\n\t\t\t\t<span>\n\t\t\t\tR&amp;D\t\t\t\t<\/span>\n\t\t\t<\/h3>\n\t\t\t\t\t\t\t<p class=\"eltdf-st-text\" style=\"line-height: 25px;font-weight: 300\">\n\t\t\t\tThe packaging must increase the perception that the consumer has of the product, increasing its value. To excel in an extremely competitive market, the design of the packaging must therefore differentiate itself, creating a qualitative leap in terms of utility and acting on more internal levels. Our goal is to speak the language of our customers and help them create added value. Now more than ever, packaging plays a decisive role within the overall product experience, as a means of communication between your product and the consumer. Our products are not only extremely functional, but are designed to act on levers such as emotions, the meaning and the look-and-feel.\t\t\t<\/p>\n\t\t\t<\/div>\n<\/div>\t\t<\/div>\n\t<\/div>\n    <\/div><\/div>[\/vc_column][\/vc_row][vc_row row_content_width=&#8221;grid&#8221;][vc_column offset=&#8221;vc_hidden-lg vc_hidden-md vc_hidden-sm&#8221;][vc_empty_space height=&#8221;30px&#8221;]<div class=\"eltdf-section-title-holder  eltdf-st-standard eltdf-st-title-left eltdf-st-normal-space \" >\n\t<div class=\"eltdf-st-inner\">\n\t\t\n        \n\t\t\t\t\t<h3 class=\"eltdf-st-title\" >\n\t\t\t\t<span>\n\t\t\t\tR&amp;D\t\t\t\t<\/span>\n\t\t\t<\/h3>\n\t\t\t\t\t\t\t<p class=\"eltdf-st-text\" style=\"line-height: 25px;font-weight: 300\">\n\t\t\t\tL'imballaggio deve accrescere la percezione che il consumatore ha del prodotto, aumentandone il valore.\u2028Per eccellere in un mercato estremamente competitivo, il design di un imballaggio deve perci\u00f2 differenziarsi, creando un salto qualitativo in termini di utilit\u00e0 e agendo su livelli pi\u00f9 interiori. Il nostro obiettivo \u00e8 parlare la lingua dei nostri clienti ed aiutarli a creare valore aggiunto. Ora pi\u00f9 che mai l\u2019imballaggio gioca un ruolo decisivo all\u2019interno dell\u2019esperienza complessiva del prodotto, in quanto mezzo di comunicazione tra il vostro prodotto ed il consumatore. I nostri prodotti non sono solo estremamente funzionali, ma sono progettati per agire su leve quali le emozioni, il significato e il look-and-feel.\t\t\t<\/p>\n\t\t\t<\/div>\n<\/div>[vc_empty_space height=&#8221;50px&#8221;][\/vc_column][\/vc_row][vc_row][vc_column][vc_column_text][\/vc_column_text][\/vc_column][\/vc_row][vc_row content_placement=&#8221;middle&#8221; enable_borders=&#8221;left-right&#8221; eltd_border_color=&#8221;#ece8e5&#8243; left_right_offset=&#8221;110px&#8221;][vc_column width=&#8221;2\/3&#8243; css=&#8221;.vc_custom_1611336186096{padding-right: 0px !important;padding-left: 0px !important;}&#8221; offset=&#8221;vc_col-lg-offset-0 vc_col-md-offset-0 vc_col-sm-offset-0 vc_col-xs-12 vc_hidden-xs&#8221;]<div class=\"eltdf-elements-holder   eltdf-one-column  eltdf-responsive-mode-768 \" ><div class=\"eltdf-eh-item     \"  data-item-class=\"eltdf-eh-custom-7807\" data-1367-1600=\"0px 70px 0px 160px\" data-1025-1366=\"0px 70px 0px 160px\" data-769-1024=\"0px 70px 0px 160px\" data-681-768=\"19px 272px 128px 165px\" data-680=\"68px 123px 66px 25px\">\n\t<div class=\"eltdf-eh-item-inner\">\n\t\t<div class=\"eltdf-eh-item-content eltdf-eh-custom-7807\" style=\"padding: 0px 70px 0px 160px\">\n\t\t\t<div class=\"eltdf-section-title-holder  eltdf-st-standard eltdf-st-title-left eltdf-st-normal-space \" >\n\t<div class=\"eltdf-st-inner\">\n\t\t\n        \n\t\t\t\t\t<h3 class=\"eltdf-st-title\" >\n\t\t\t\t<span>\n\t\t\t\tMechanization\t\t\t\t<\/span>\n\t\t\t<\/h3>\n\t\t\t\t\t\t\t<p class=\"eltdf-st-text\" style=\"line-height: 25px;font-weight: 300\">\n\t\t\t\tKnow-how and experience in the study of packaging, besides a vast knowledge of packaging machinery and filling and automation processes in every industrial sector, to guarantee our customers an ever greater efficiency of the packaging lines. Our consultants are able not only to offer you solutions for the optimization of packaging lines, but also to manage specific development projects, also in collaboration with manufacturers of packaging machinery.\t\t\t<\/p>\n\t\t\t<\/div>\n<\/div>[vc_empty_space height=&#8221;50px&#8221;]\t\t<\/div>\n\t<\/div>\n    <\/div><\/div>[\/vc_column][vc_column width=&#8221;1\/3&#8243; css=&#8221;.vc_custom_1561985545084{padding-right: 0px !important;padding-left: 0px !important;}&#8221; offset=&#8221;vc_col-lg-offset-0 vc_col-md-offset-0 vc_col-sm-offset-0 vc_col-xs-12&#8243;]<div class=\"eltdf-single-image-holder   \">\n    <div class=\"eltdf-si-inner\" >\n                                    <img width=\"1280\" height=\"870\" src=\"http:\/\/54.93.173.124\/wp-content\/uploads\/2021\/01\/meccanizz.png\" class=\"attachment-full size-full\" alt=\"\" loading=\"lazy\" srcset=\"http:\/\/54.93.173.124\/wp-content\/uploads\/2021\/01\/meccanizz.png 1280w, http:\/\/54.93.173.124\/wp-content\/uploads\/2021\/01\/meccanizz-300x204.png 300w, http:\/\/54.93.173.124\/wp-content\/uploads\/2021\/01\/meccanizz-768x522.png 768w, http:\/\/54.93.173.124\/wp-content\/uploads\/2021\/01\/meccanizz-1024x696.png 1024w\" sizes=\"(max-width: 1280px) 100vw, 1280px\" \/>                        <\/div>\n<\/div>[\/vc_column][\/vc_row][vc_row row_content_width=&#8221;grid&#8221;][vc_column offset=&#8221;vc_hidden-lg vc_hidden-md vc_hidden-sm&#8221;][vc_empty_space height=&#8221;30px&#8221;]<div class=\"eltdf-section-title-holder  eltdf-st-standard eltdf-st-title-left eltdf-st-normal-space \" >\n\t<div class=\"eltdf-st-inner\">\n\t\t\n        \n\t\t\t\t\t<h3 class=\"eltdf-st-title\" >\n\t\t\t\t<span>\n\t\t\t\tMeccanizzazione\t\t\t\t<\/span>\n\t\t\t<\/h3>\n\t\t\t\t\t\t\t<p class=\"eltdf-st-text\" style=\"line-height: 25px;font-weight: 300\">\n\t\t\t\tKnow-how ed esperienza nello studio dell'imballo ma anche una vasta conoscenza dei macchinari per l'imballaggio e dei processi di riempimento ed automazione in ogni settore industriale, per garantire ai nostri clienti una sempre maggiore efficienza delle linee di imballaggio. I nostri consulenti sono in grado non solo proporvi soluzioni per l'ottimizzazione delle linee di imballaggio, ma anche gestire specifici progetti di sviluppo, anche in collaborazione con i produttori di macchinari per l'imballaggio.\t\t\t<\/p>\n\t\t\t<\/div>\n<\/div>[vc_empty_space height=&#8221;50px&#8221;][\/vc_column][\/vc_row][vc_row content_placement=&#8221;middle&#8221; enable_borders=&#8221;left-right&#8221; eltd_border_color=&#8221;#ece8e5&#8243; left_right_offset=&#8221;110px&#8221;][vc_column width=&#8221;1\/3&#8243; css=&#8221;.vc_custom_1561985545084{padding-right: 0px !important;padding-left: 0px !important;}&#8221; offset=&#8221;vc_col-lg-offset-0 vc_col-md-offset-0 vc_col-sm-offset-0 vc_col-xs-12&#8243;]<div class=\"eltdf-single-image-holder   \">\n    <div class=\"eltdf-si-inner\" >\n                                    <img width=\"1920\" height=\"1221\" src=\"http:\/\/54.93.173.124\/wp-content\/uploads\/2021\/01\/customer_service.png\" class=\"attachment-full size-full\" alt=\"\" loading=\"lazy\" srcset=\"http:\/\/54.93.173.124\/wp-content\/uploads\/2021\/01\/customer_service.png 1920w, http:\/\/54.93.173.124\/wp-content\/uploads\/2021\/01\/customer_service-300x191.png 300w, http:\/\/54.93.173.124\/wp-content\/uploads\/2021\/01\/customer_service-768x488.png 768w, http:\/\/54.93.173.124\/wp-content\/uploads\/2021\/01\/customer_service-1024x651.png 1024w\" sizes=\"(max-width: 1920px) 100vw, 1920px\" \/>                        <\/div>\n<\/div>[\/vc_column][vc_column width=&#8221;2\/3&#8243; css=&#8221;.vc_custom_1611336248475{padding-right: 0px !important;padding-left: 0px !important;}&#8221; offset=&#8221;vc_col-lg-offset-0 vc_col-md-offset-0 vc_col-sm-offset-0 vc_col-xs-12 vc_hidden-xs&#8221;]<div class=\"eltdf-elements-holder   eltdf-one-column  eltdf-responsive-mode-768 \" ><div class=\"eltdf-eh-item     \"  data-item-class=\"eltdf-eh-custom-2015\" data-1367-1600=\"0px 70px 0px 160px\" data-1025-1366=\"0px 70px 0px 160px\" data-769-1024=\"0px 70px 0px 160px\" data-681-768=\"19px 272px 128px 165px\" data-680=\"68px 123px 66px 25px\">\n\t<div class=\"eltdf-eh-item-inner\">\n\t\t<div class=\"eltdf-eh-item-content eltdf-eh-custom-2015\" style=\"padding: 0px 70px 0px 160px\">\n\t\t\t[vc_empty_space height=&#8221;50px&#8221;]<div class=\"eltdf-section-title-holder  eltdf-st-standard eltdf-st-title-left eltdf-st-normal-space \" >\n\t<div class=\"eltdf-st-inner\">\n\t\t\n        \n\t\t\t\t\t<h3 class=\"eltdf-st-title\" >\n\t\t\t\t<span>\n\t\t\t\tService and assistance center\t\t\t\t<\/span>\n\t\t\t<\/h3>\n\t\t\t\t\t\t\t<p class=\"eltdf-st-text\" style=\"line-height: 25px;font-weight: 300\">\n\t\t\t\tA single point of contact able to offer you complete solutions for your needs: this is the Assistance and Service Center. The Assistance and Service center manages the bill of materials and defines a customized Supply Chain. Your reference person will assist you in everything from sizing the Kanban, to defining the milk runs, from conventional orders \/ call-offs, to any other new proposal you have.\t\t\t<\/p>\n\t\t\t<\/div>\n<\/div>\t\t<\/div>\n\t<\/div>\n    <\/div><\/div>[\/vc_column][\/vc_row][vc_row row_content_width=&#8221;grid&#8221;][vc_column offset=&#8221;vc_hidden-lg vc_hidden-md vc_hidden-sm&#8221;][vc_empty_space height=&#8221;30px&#8221;]<div class=\"eltdf-section-title-holder  eltdf-st-standard eltdf-st-title-left eltdf-st-normal-space \" >\n\t<div class=\"eltdf-st-inner\">\n\t\t\n        \n\t\t\t\t\t<h3 class=\"eltdf-st-title\" >\n\t\t\t\t<span>\n\t\t\t\tCentro Assistenza e Servizio\t\t\t\t<\/span>\n\t\t\t<\/h3>\n\t\t\t\t\t\t\t<p class=\"eltdf-st-text\" style=\"line-height: 25px;font-weight: 300\">\n\t\t\t\tUn unico referente in grado di offrirvi soluzioni complete per le vostre esigenze: questo \u00e8 il Centro di Assistenza e Servizio. Il centro di Assistenza e Servizio gestisce la distinta dei materiali e definisce una Supply Chain personalizzata. Il vostro riferimento vi assister\u00e0 in tutto, dal dimensionamento dei Kanban, alla definizione dei milk run, dalle ordinazioni\/call-off convenzionali, al qualsiasi altra vostra nuova proposta.\t\t\t<\/p>\n\t\t\t<\/div>\n<\/div>[vc_empty_space height=&#8221;50px&#8221;][\/vc_column][\/vc_row][vc_row disable_background_image=&#8221;&#8221; enable_borders=&#8221;all-overflow&#8221; simple_background_image=&#8221;2939&#8243; css=&#8221;.vc_custom_1614276249157{padding-top: px !important;padding-right: 0px !important;padding-bottom: 0px !important;padding-left: 0px !important;}&#8221; eltd_border_color=&#8221;#ece8e5&#8243; left_right_offset=&#8221;110px&#8221; simple_background_color=&#8221;#f23e14&#8243;][vc_column][vc_row_inner content_placement=&#8221;middle&#8221; row_content_width=&#8221;grid&#8221; content_text_aligment=&#8221;left&#8221;][vc_column_inner width=&#8221;1\/2&#8243; offset=&#8221;vc_col-lg-offset-0 vc_col-md-offset-0 vc_col-sm-offset-0 vc_col-xs-6&#8243; css=&#8221;.vc_custom_1614276101831{border-right-width: 1px !important;padding-top: 45px !important;border-right-color: #ffffff !important;border-right-style: solid !important;}&#8221;]<div class=\"eltdf-elements-holder   eltdf-one-column  eltdf-responsive-mode-768 \" ><div class=\"eltdf-eh-item   eltdf-horizontal-alignment-center  \"  data-item-class=\"eltdf-eh-custom-2002\" data-1367-1600=\"0px 40px 60px\" data-1025-1366=\"0px 40px 60px\" data-769-1024=\"0px 40px 60px\" data-680=\"0px 0px\">\n\t<div class=\"eltdf-eh-item-inner\">\n\t\t<div class=\"eltdf-eh-item-content eltdf-eh-custom-2002\" style=\"padding: 60px 40px 60px\">\n\t\t\t<div class=\"eltdf-section-title-holder  eltdf-st-standard eltdf-st-title-left eltdf-st-normal-space \" style=\"text-align: center\">\n\t<div class=\"eltdf-st-inner\">\n\t\t\n        \n\t\t\t\t\t<h3 class=\"eltdf-st-title\" style=\"color: #ffffff\">\n\t\t\t\t<span>\n\t\t\t\tCustomer portal\t\t\t\t<\/span>\n\t\t\t<\/h3>\n\t\t\t\t\t<\/div>\n<\/div>[vc_empty_space height=&#8221;35px&#8221;]<a itemprop=\"url\" href=\"http:\/\/mail.carven.it:8080\/webupnew\" target=\"_blank\" style=\"color: #ffffff;border-color: #ffffff;text-transform: capitalize\" class=\"eltdf-btn eltdf-btn-small eltdf-btn-outline\"  >\n    <span class=\"eltdf-btn-text\">LOGIN<\/span>\n    <\/a>\t\t<\/div>\n\t<\/div>\n    <\/div><\/div>[vc_empty_space height=&#8221;30px&#8221;][\/vc_column_inner][vc_column_inner width=&#8221;1\/2&#8243; offset=&#8221;vc_col-lg-offset-0 vc_col-md-offset-0 vc_col-sm-offset-0 vc_col-xs-6&#8243; css=&#8221;.vc_custom_1614276107310{padding-top: 45px !important;}&#8221;]<div class=\"eltdf-elements-holder   eltdf-one-column  eltdf-responsive-mode-768 \" ><div class=\"eltdf-eh-item   eltdf-horizontal-alignment-center  \"  data-item-class=\"eltdf-eh-custom-2751\" data-1367-1600=\"0px 40px 60px\" data-1025-1366=\"0px 40px 60px\" data-769-1024=\"0px 40px 60px\" data-681-768=\"0px 0px\" data-680=\"0px 0px\">\n\t<div class=\"eltdf-eh-item-inner\">\n\t\t<div class=\"eltdf-eh-item-content eltdf-eh-custom-2751\" style=\"padding: 60px 40px 60px\">\n\t\t\t<div class=\"eltdf-section-title-holder  eltdf-st-standard eltdf-st-title-left eltdf-st-normal-space \" style=\"text-align: center\">\n\t<div class=\"eltdf-st-inner\">\n\t\t\n        \n\t\t\t\t\t<h3 class=\"eltdf-st-title\" style=\"color: #ffffff\">\n\t\t\t\t<span>\n\t\t\t\tEmployee portal\t\t\t\t<\/span>\n\t\t\t<\/h3>\n\t\t\t\t\t<\/div>\n<\/div>[vc_empty_space height=&#8221;35px&#8221;]<a itemprop=\"url\" href=\"https:\/\/www.zucchetti.it\/website\/cms\/area-riservata.html\" target=\"_blank\" style=\"color: #ffffff;border-color: #ffffff;text-transform: capitalize\" class=\"eltdf-btn eltdf-btn-small eltdf-btn-outline\"  >\n    <span class=\"eltdf-btn-text\">LOGIN<\/span>\n    <\/a>\t\t<\/div>\n\t<\/div>\n    <\/div><\/div>[vc_empty_space height=&#8221;30px&#8221;][\/vc_column_inner][\/vc_row_inner][\/vc_column][\/vc_row][vc_row row_content_width=&#8221;grid&#8221; enable_borders=&#8221;all-overflow&#8221; eltd_border_color=&#8221;#ece8e5&#8243; css=&#8221;.vc_custom_1532443501612{padding-top: 83px !important;padding-bottom: 83px !important;}&#8221; left_right_offset=&#8221;110px&#8221;][vc_column]<div class=\"eltdf-call-to-action-holder  eltdf-normal-layout  eltdf-three-quarters-columns\">\n\t<div class=\"eltdf-cta-inner \">\n\t\t<div class=\"eltdf-cta-text-holder\">\n\t\t\t<div class=\"eltdf-cta-text\">\n<h2>For more info on our services<br \/>\nor products<\/h2>\n<\/div>\n\t\t<\/div>\n\t\t<div class=\"eltdf-cta-button-holder\" >\n\t\t\t<div class=\"eltdf-cta-button\"><a itemprop=\"url\" href=\"https:\/\/www.carven.it\/en\/contacts\" target=\"_self\"  class=\"eltdf-btn eltdf-btn-medium eltdf-btn-solid eltdf-btn-custom-hover-bg eltdf-btn-custom-hover-color\" data-hover-color=\"#ffffff\" data-hover-bg-color=\"#000000\" >    <span class=\"eltdf-btn-text\">CONTACT US<\/span>    <\/a><\/div>\n\t\t<\/div>\n\t<\/div>\n<\/div>[\/vc_column][\/vc_row]<\/p>\n","protected":false},"excerpt":{"rendered":"<p>[vc_row][vc_column][vc_column_text][\/vc_column_text][\/vc_column][\/vc_row][vc_row equal_height=&#8221;yes&#8221; content_placement=&#8221;middle&#8221; disable_background_image=&#8221;&#8221; enable_borders=&#8221;left-right&#8221; eltd_border_color=&#8221;#ece8e5&#8243; left_right_offset=&#8221;110px&#8221; simple_background_image=&#8221;2725&#8243;][vc_column width=&#8221;2\/3&#8243; css=&#8221;.vc_custom_1611335998129{padding-right: 0px !important;padding-left: 0px !important;}&#8221; offset=&#8221;vc_col-lg-offset-0 vc_col-md-offset-0 vc_col-sm-offset-0 vc_col-xs-12&#8243;][\/vc_column][vc_column width=&#8221;1\/3&#8243; css=&#8221;.vc_custom_1611335901014{margin-right: 80px !important;margin-left: -250px !important;padding-right: 0px !important;padding-left: 0px !important;}&#8221; offset=&#8221;vc_col-lg-offset-0 vc_col-md-offset-0 vc_col-sm-offset-0 vc_col-xs-12 vc_hidden-xs&#8221;][\/vc_column][\/vc_row][vc_row row_content_width=&#8221;grid&#8221;][vc_column offset=&#8221;vc_hidden-lg vc_hidden-md vc_hidden-sm&#8221;][vc_empty_space height=&#8221;30px&#8221;][vc_empty_space height=&#8221;50px&#8221;][\/vc_column][\/vc_row][vc_row][vc_column][vc_column_text][\/vc_column_text][\/vc_column][\/vc_row][vc_row content_placement=&#8221;middle&#8221; [&hellip;]<\/p>\n","protected":false},"author":1,"featured_media":0,"parent":0,"menu_order":0,"comment_status":"closed","ping_status":"closed","template":"full-width.php","meta":{"_monsterinsights_skip_tracking":false,"_monsterinsights_sitenote_active":false,"_monsterinsights_sitenote_note":"","_monsterinsights_sitenote_category":0},"_links":{"self":[{"href":"http:\/\/54.93.173.124\/en\/wp-json\/wp\/v2\/pages\/5397"}],"collection":[{"href":"http:\/\/54.93.173.124\/en\/wp-json\/wp\/v2\/pages"}],"about":[{"href":"http:\/\/54.93.173.124\/en\/wp-json\/wp\/v2\/types\/page"}],"author":[{"embeddable":true,"href":"http:\/\/54.93.173.124\/en\/wp-json\/wp\/v2\/users\/1"}],"replies":[{"embeddable":true,"href":"http:\/\/54.93.173.124\/en\/wp-json\/wp\/v2\/comments?post=5397"}],"version-history":[{"count":2,"href":"http:\/\/54.93.173.124\/en\/wp-json\/wp\/v2\/pages\/5397\/revisions"}],"predecessor-version":[{"id":5400,"href":"http:\/\/54.93.173.124\/en\/wp-json\/wp\/v2\/pages\/5397\/revisions\/5400"}],"wp:attachment":[{"href":"http:\/\/54.93.173.124\/en\/wp-json\/wp\/v2\/media?parent=5397"}],"curies":[{"name":"wp","href":"https:\/\/api.w.org\/{rel}","templated":true}]}}